{"id":828,"date":"2021-11-14T17:52:40","date_gmt":"2021-11-14T16:52:40","guid":{"rendered":"http:\/\/www.hostdog.loc\/?page_id=828"},"modified":"2021-11-18T16:30:10","modified_gmt":"2021-11-18T15:30:10","slug":"szerviz","status":"publish","type":"page","link":"https:\/\/www.hostdog.hu\/indexphp\/szerviz\/","title":{"rendered":"Hostdog Szerviz Szolg\u00e1ltat\u00e1s"},"content":{"rendered":"\t\t<div data-elementor-type=\"wp-page\" data-elementor-id=\"828\" class=\"elementor elementor-828\">\n\t\t\t\t\t\t<section class=\"elementor-section elementor-top-section elementor-element elementor-element-0f1026d elementor-section-full_width elementor-section-height-min-height elementor-section-stretched elementor-section-height-default elementor-section-items-middle\" data-id=\"0f1026d\" data-element_type=\"section\" data-e-type=\"section\" data-settings=\"{&quot;stretch_section&quot;:&quot;section-stretched&quot;}\">\n\t\t\t\t\t\t<div class=\"elementor-container elementor-column-gap-wide\">\n\t\t\t\t\t<div class=\"elementor-column elementor-col-100 elementor-top-column elementor-element elementor-element-fdb2aaf\" data-id=\"fdb2aaf\" data-element_type=\"column\" data-e-type=\"column\">\n\t\t\t<div class=\"elementor-widget-wrap elementor-element-populated\">\n\t\t\t\t\t\t<div class=\"elementor-element elementor-element-daecf64 elementor-widget elementor-widget-heading\" data-id=\"daecf64\" data-element_type=\"widget\" data-e-type=\"widget\" data-widget_type=\"heading.default\">\n\t\t\t\t<div class=\"elementor-widget-container\">\n\t\t\t\t\t<h1 class=\"elementor-heading-title elementor-size-xl\">H\u00e1zhozj\u00e1r\u00f3\nLaptop, PC, sz\u00e1m\u00edt\u00f3g\u00e9p szerviz<\/h1>\t\t\t\t<\/div>\n\t\t\t\t<\/div>\n\t\t\t\t<div class=\"elementor-element elementor-element-124a788 elementor-widget elementor-widget-heading\" data-id=\"124a788\" data-element_type=\"widget\" data-e-type=\"widget\" data-widget_type=\"heading.default\">\n\t\t\t\t<div class=\"elementor-widget-container\">\n\t\t\t\t\t<h6 class=\"elementor-heading-title elementor-size-default\">Csepel Ady Endre \u00fati lak\u00f3telep, Gubacsi lak\u00f3telep, Mediterr\u00e1n Lak\u00f3park, Helsinki \u00fati lak\u00f3telep<\/h6>\t\t\t\t<\/div>\n\t\t\t\t<\/div>\n\t\t\t\t\t<\/div>\n\t\t<\/div>\n\t\t\t\t\t<\/div>\n\t\t<\/section>\n\t\t\t\t<section class=\"elementor-section elementor-top-section elementor-element elementor-element-5e4b3cd elementor-section-boxed elementor-section-height-default elementor-section-height-default\" data-id=\"5e4b3cd\" data-element_type=\"section\" data-e-type=\"section\">\n\t\t\t\t\t\t<div class=\"elementor-container elementor-column-gap-default\">\n\t\t\t\t\t<div class=\"elementor-column elementor-col-50 elementor-top-column elementor-element elementor-element-dcf4d46\" data-id=\"dcf4d46\" data-element_type=\"column\" data-e-type=\"column\">\n\t\t\t<div class=\"elementor-widget-wrap elementor-element-populated\">\n\t\t\t\t\t\t<div class=\"elementor-element elementor-element-e68566e elementor-widget elementor-widget-text-editor\" data-id=\"e68566e\" data-element_type=\"widget\" data-e-type=\"widget\" data-widget_type=\"text-editor.default\">\n\t\t\t\t<div class=\"elementor-widget-container\">\n\t\t\t\t\t\t\t\t\t<p><strong>Kedves \u00c9rdekl\u0151d\u0151!<\/strong><\/p><p><span dir=\"auto\">M\u00e9ry J\u00e1nos vagyok, 25 \u00e9ves informatikai tapasztalattal v\u00e1llalom mag\u00e1nszem\u00e9lyeknek \u00e9s c\u00e9geknek egyar\u00e1nt PC -k, sz\u00e1m\u00edt\u00f3g\u00e9pek, laptopok, nyomtat\u00f3k, helyi h\u00e1l\u00f3zatok, be\u00e1ll\u00edt\u00e1s\u00e1t, jav\u00edt\u00e1s\u00e1t, karbantart\u00e1s\u00e1t, fel\u00fcgyelet\u00e9t.<\/span><\/p><p>Szoftver telep\u00edt\u00e9s, \u00fajratelep\u00edt\u00e9s, v\u00edrusirt\u00e1s, sz\u00e1m\u00edt\u00f3g\u00e9p b\u0151v\u00edt\u00e9s, \u00faj g\u00e9p \u00f6ssze\u00e1ll\u00edt\u00e1sa, biztons\u00e1gi ment\u00e9s, g\u00e9p takar\u00edt\u00e1s \u00e9s minden m\u00e1s amire sz\u00fcks\u00e9g lehet.<\/p><p>Sokak sz\u00e1m\u00e1ra ismer\u0151s a probl\u00e9ma, hogy mindig akkor romlik el, amikor nem k\u00e9ne, senki nem el\u00e9rhet\u0151, sz\u00e9t kell szedni, el kell vinni, majd visszaadj\u00e1k valamikor, \u00f6ssze kell rakni, de hogyan \u00e9s hasonl\u00f3 helyzetek.<\/p><p>Erre a probl\u00e9m\u00e1ra k\u00edn\u00e1lok \u00e9n megold\u00e1st, telefonon id\u0151pontot egyeztet\u00fcnk, \u00e9n elmegyek, kivizsg\u00e1lom a g\u00e9p probl\u00e9m\u00e1j\u00e1t. Amennyiben azonnal jav\u00edthat\u00f3 a hiba, akkor ott helyben megjav\u00edtom, ha nem, beszerzem a sz\u00fcks\u00e9ges alkatr\u00e9szeket, azokat beszerelem \u00e9s \u00fajra m\u0171k\u00f6dik a g\u00e9p.<\/p><p>Amennyiben informatikai t\u00e1mogat\u00e1sra van sz\u00fcks\u00e9ge h\u00edvjon bizalommal:<\/p><p><strong><span style=\"color: #333333;\"><a style=\"color: #333333;\" href=\"tel:+36203547433\"><span dir=\"auto\">+36 20 354 7433<\/span><\/a><\/span><br \/><\/strong><\/p><p>Tov\u00e1bbi inform\u00e1ci\u00f3 a f\u0151oldalon: <strong><a href=\"https:\/\/www.hostdog.hu\/\"><span style=\"color: #333333;\">https:\/\/www.hostdog.hu\/<\/span><\/a><\/strong><\/p>\t\t\t\t\t\t\t\t<\/div>\n\t\t\t\t<\/div>\n\t\t\t\t\t<\/div>\n\t\t<\/div>\n\t\t\t\t<div class=\"elementor-column elementor-col-50 elementor-top-column elementor-element elementor-element-1685dab\" data-id=\"1685dab\" data-element_type=\"column\" data-e-type=\"column\">\n\t\t\t<div class=\"elementor-widget-wrap elementor-element-populated\">\n\t\t\t\t\t\t<div class=\"elementor-element elementor-element-4b4c0f6 elementor-widget elementor-widget-image\" data-id=\"4b4c0f6\" data-element_type=\"widget\" data-e-type=\"widget\" data-widget_type=\"image.default\">\n\t\t\t\t<div class=\"elementor-widget-container\">\n\t\t\t\t\t\t\t\t\t\t\t\t\t\t\t<img fetchpriority=\"high\" decoding=\"async\" width=\"300\" height=\"200\" src=\"https:\/\/www.hostdog.hu\/wp-content\/uploads\/2021\/10\/10714411_902630516428933_1042222331547216228_o-300x200.jpg\" class=\"attachment-medium size-medium wp-image-557\" alt=\"\" srcset=\"https:\/\/www.hostdog.hu\/wp-content\/uploads\/2021\/10\/10714411_902630516428933_1042222331547216228_o-300x200.jpg 300w, https:\/\/www.hostdog.hu\/wp-content\/uploads\/2021\/10\/10714411_902630516428933_1042222331547216228_o-1024x683.jpg 1024w, https:\/\/www.hostdog.hu\/wp-content\/uploads\/2021\/10\/10714411_902630516428933_1042222331547216228_o-768x512.jpg 768w, https:\/\/www.hostdog.hu\/wp-content\/uploads\/2021\/10\/10714411_902630516428933_1042222331547216228_o-1536x1024.jpg 1536w, https:\/\/www.hostdog.hu\/wp-content\/uploads\/2021\/10\/10714411_902630516428933_1042222331547216228_o.jpg 2048w\" sizes=\"(max-width: 300px) 100vw, 300px\" \/>\t\t\t\t\t\t\t\t\t\t\t\t\t\t\t<\/div>\n\t\t\t\t<\/div>\n\t\t\t\t<div class=\"elementor-element elementor-element-817186b elementor-icon-list--layout-traditional elementor-list-item-link-full_width elementor-widget elementor-widget-icon-list\" data-id=\"817186b\" data-element_type=\"widget\" data-e-type=\"widget\" data-widget_type=\"icon-list.default\">\n\t\t\t\t<div class=\"elementor-widget-container\">\n\t\t\t\t\t\t\t<ul class=\"elementor-icon-list-items\">\n\t\t\t\t\t\t\t<li class=\"elementor-icon-list-item\">\n\t\t\t\t\t\t\t\t\t\t\t<span class=\"elementor-icon-list-icon\">\n\t\t\t\t\t\t\t<i aria-hidden=\"true\" class=\"fas fa-check\"><\/i>\t\t\t\t\t\t<\/span>\n\t\t\t\t\t\t\t\t\t\t<span class=\"elementor-icon-list-text\">Jav\u00edt\u00e1s, szerviz<\/span>\n\t\t\t\t\t\t\t\t\t<\/li>\n\t\t\t\t\t\t\t\t<li class=\"elementor-icon-list-item\">\n\t\t\t\t\t\t\t\t\t\t\t<span class=\"elementor-icon-list-icon\">\n\t\t\t\t\t\t\t<i aria-hidden=\"true\" class=\"fas fa-check\"><\/i>\t\t\t\t\t\t<\/span>\n\t\t\t\t\t\t\t\t\t\t<span class=\"elementor-icon-list-text\">Sz\u00e1m\u00edt\u00f3g\u00e9p b\u0151v\u00edt\u00e9s<\/span>\n\t\t\t\t\t\t\t\t\t<\/li>\n\t\t\t\t\t\t\t\t<li class=\"elementor-icon-list-item\">\n\t\t\t\t\t\t\t\t\t\t\t<span class=\"elementor-icon-list-icon\">\n\t\t\t\t\t\t\t<i aria-hidden=\"true\" class=\"fas fa-check\"><\/i>\t\t\t\t\t\t<\/span>\n\t\t\t\t\t\t\t\t\t\t<span class=\"elementor-icon-list-text\">Karbantart\u00e1s<\/span>\n\t\t\t\t\t\t\t\t\t<\/li>\n\t\t\t\t\t\t\t\t<li class=\"elementor-icon-list-item\">\n\t\t\t\t\t\t\t\t\t\t\t<span class=\"elementor-icon-list-icon\">\n\t\t\t\t\t\t\t<i aria-hidden=\"true\" class=\"fas fa-check\"><\/i>\t\t\t\t\t\t<\/span>\n\t\t\t\t\t\t\t\t\t\t<span class=\"elementor-icon-list-text\">Szoftver telep\u00edt\u00e9s<\/span>\n\t\t\t\t\t\t\t\t\t<\/li>\n\t\t\t\t\t\t\t\t<li class=\"elementor-icon-list-item\">\n\t\t\t\t\t\t\t\t\t\t\t<span class=\"elementor-icon-list-icon\">\n\t\t\t\t\t\t\t<i aria-hidden=\"true\" class=\"fas fa-check\"><\/i>\t\t\t\t\t\t<\/span>\n\t\t\t\t\t\t\t\t\t\t<span class=\"elementor-icon-list-text\">\u00dajratelep\u00edt\u00e9s<\/span>\n\t\t\t\t\t\t\t\t\t<\/li>\n\t\t\t\t\t\t\t\t<li class=\"elementor-icon-list-item\">\n\t\t\t\t\t\t\t\t\t\t\t<span class=\"elementor-icon-list-icon\">\n\t\t\t\t\t\t\t<i aria-hidden=\"true\" class=\"fas fa-check\"><\/i>\t\t\t\t\t\t<\/span>\n\t\t\t\t\t\t\t\t\t\t<span class=\"elementor-icon-list-text\">V\u00edrusirt\u00e1s<\/span>\n\t\t\t\t\t\t\t\t\t<\/li>\n\t\t\t\t\t\t\t\t<li class=\"elementor-icon-list-item\">\n\t\t\t\t\t\t\t\t\t\t\t<span class=\"elementor-icon-list-icon\">\n\t\t\t\t\t\t\t<i aria-hidden=\"true\" class=\"fas fa-check\"><\/i>\t\t\t\t\t\t<\/span>\n\t\t\t\t\t\t\t\t\t\t<span class=\"elementor-icon-list-text\">Tan\u00e1csad\u00e1s<\/span>\n\t\t\t\t\t\t\t\t\t<\/li>\n\t\t\t\t\t\t\t\t<li class=\"elementor-icon-list-item\">\n\t\t\t\t\t\t\t\t\t\t\t<span class=\"elementor-icon-list-icon\">\n\t\t\t\t\t\t\t<i aria-hidden=\"true\" class=\"fas fa-check\"><\/i>\t\t\t\t\t\t<\/span>\n\t\t\t\t\t\t\t\t\t\t<span class=\"elementor-icon-list-text\">\u00daj g\u00e9p \u00f6ssze\u00e1ll\u00edt\u00e1sa<\/span>\n\t\t\t\t\t\t\t\t\t<\/li>\n\t\t\t\t\t\t\t\t<li class=\"elementor-icon-list-item\">\n\t\t\t\t\t\t\t\t\t\t\t<span class=\"elementor-icon-list-icon\">\n\t\t\t\t\t\t\t<i aria-hidden=\"true\" class=\"fas fa-check\"><\/i>\t\t\t\t\t\t<\/span>\n\t\t\t\t\t\t\t\t\t\t<span class=\"elementor-icon-list-text\">Biztons\u00e1gi ment\u00e9s<\/span>\n\t\t\t\t\t\t\t\t\t<\/li>\n\t\t\t\t\t\t\t\t<li class=\"elementor-icon-list-item\">\n\t\t\t\t\t\t\t\t\t\t\t<span class=\"elementor-icon-list-icon\">\n\t\t\t\t\t\t\t<i aria-hidden=\"true\" class=\"fas fa-check\"><\/i>\t\t\t\t\t\t<\/span>\n\t\t\t\t\t\t\t\t\t\t<span class=\"elementor-icon-list-text\">...\u00e9s sok m\u00e1s...<\/span>\n\t\t\t\t\t\t\t\t\t<\/li>\n\t\t\t\t\t\t<\/ul>\n\t\t\t\t\t\t<\/div>\n\t\t\t\t<\/div>\n\t\t\t\t\t<\/div>\n\t\t<\/div>\n\t\t\t\t\t<\/div>\n\t\t<\/section>\n\t\t\t\t<section class=\"elementor-section elementor-top-section elementor-element elementor-element-db000ae elementor-section-boxed elementor-section-height-default elementor-section-height-default\" data-id=\"db000ae\" data-element_type=\"section\" data-e-type=\"section\">\n\t\t\t\t\t\t<div class=\"elementor-container elementor-column-gap-extended\">\n\t\t\t\t\t<div class=\"elementor-column elementor-col-100 elementor-top-column elementor-element elementor-element-bb4819a\" data-id=\"bb4819a\" data-element_type=\"column\" data-e-type=\"column\">\n\t\t\t<div class=\"elementor-widget-wrap elementor-element-populated\">\n\t\t\t\t\t\t<div class=\"elementor-element elementor-element-9fe6743 elementor-widget elementor-widget-eael-adv-accordion\" data-id=\"9fe6743\" data-element_type=\"widget\" data-e-type=\"widget\" data-widget_type=\"eael-adv-accordion.default\">\n\t\t\t\t<div class=\"elementor-widget-container\">\n\t\t\t\t\t            <div class=\"eael-adv-accordion\" id=\"eael-adv-accordion-9fe6743\" data-scroll-on-click=\"no\" data-scroll-speed=\"300\" data-accordion-id=\"9fe6743\" data-accordion-type=\"accordion\" data-toogle-speed=\"300\">\n            <div class=\"eael-accordion-list\">\n\t\t\t\t\t<div id=\"el-kell-e-szlltani-a-gpem\" class=\"elementor-tab-title eael-accordion-header\" tabindex=\"0\" data-tab=\"1\" aria-controls=\"elementor-tab-content-1671\"><span class=\"eael-advanced-accordion-icon-closed\"><i aria-hidden=\"true\" class=\"fa-accordion-icon fas fa-plus\"><\/i><\/span><span class=\"eael-advanced-accordion-icon-opened\"><i aria-hidden=\"true\" class=\"fa-accordion-icon fas fa-minus\"><\/i><\/span><span class=\"eael-accordion-tab-title\">El kell-e sz\u00e1ll\u00edtani a g\u00e9pem?<\/span><i aria-hidden=\"true\" class=\"fa-toggle fas fa-angle-right\"><\/i><\/div><div id=\"elementor-tab-content-1671\" class=\"eael-accordion-content clearfix\" data-tab=\"1\" aria-labelledby=\"el-kell-e-szlltani-a-gpem\"><p>Bizonyos komplex esetekben igen. Ez jellemz\u0151en akkor fordulhat el\u0151, ha a helysz\u00ednen irre\u00e1lis id\u0151t venne ig\u00e9nybe a jav\u00edt\u00e1s \u00e9s \/ vagy t\u00fal eszk\u00f6zig\u00e9nyes. Pl. egy modern, v\u00e9kony, diz\u00e1jnos laptop sz\u00e9t \u00e9s \u00f6sszeszerel\u00e9se is t\u00f6bb \u00f3r\u00e1t vesz ig\u00e9nybe \u00e9s m\u00e9g nem besz\u00e9lt\u00fcnk mag\u00e1r\u00f3l a jav\u00edt\u00e1sr\u00f3l. Hasonl\u00f3 a helyzet a m\u00e1lnasz\u00f6rp balesetes g\u00e9pekkel is.<\/p><\/div>\n\t\t\t\t\t<\/div><div class=\"eael-accordion-list\">\n\t\t\t\t\t<div id=\"vannak-e-kszleten-lv-alkatrszek\" class=\"elementor-tab-title eael-accordion-header\" tabindex=\"0\" data-tab=\"2\" aria-controls=\"elementor-tab-content-1672\"><span class=\"eael-advanced-accordion-icon-closed\"><i aria-hidden=\"true\" class=\"fa-accordion-icon fas fa-plus\"><\/i><\/span><span class=\"eael-advanced-accordion-icon-opened\"><i aria-hidden=\"true\" class=\"fa-accordion-icon fas fa-minus\"><\/i><\/span><span class=\"eael-accordion-tab-title\">Vannak-e k\u00e9szleten l\u00e9v\u0151 alkatr\u00e9szek?<\/span><i aria-hidden=\"true\" class=\"fa-toggle fas fa-angle-right\"><\/i><\/div><div id=\"elementor-tab-content-1672\" class=\"eael-accordion-content clearfix\" data-tab=\"2\" aria-labelledby=\"vannak-e-kszleten-lv-alkatrszek\"><p>Bizonyos gyakori alkatr\u00e9szek jellemz\u0151en igen, de figyelembe kell venni, hogy t\u00fal sok platform \u00e9s alkatr\u00e9szt\u00edpus el\u00e9rhet\u0151 a piacon, \u00edgy t\u00f6bb t\u00edzmilli\u00f3s beruh\u00e1z\u00e1s lenne k\u00e9szletezni.<\/p><\/div>\n\t\t\t\t\t<\/div><div class=\"eael-accordion-list\">\n\t\t\t\t\t<div id=\"van-e-garancia\" class=\"elementor-tab-title eael-accordion-header\" tabindex=\"0\" data-tab=\"3\" aria-controls=\"elementor-tab-content-1673\"><span class=\"eael-advanced-accordion-icon-closed\"><i aria-hidden=\"true\" class=\"fa-accordion-icon fas fa-plus\"><\/i><\/span><span class=\"eael-advanced-accordion-icon-opened\"><i aria-hidden=\"true\" class=\"fa-accordion-icon fas fa-minus\"><\/i><\/span><span class=\"eael-accordion-tab-title\">Van-e garancia?<\/span><i aria-hidden=\"true\" class=\"fa-toggle fas fa-angle-right\"><\/i><\/div><div id=\"elementor-tab-content-1673\" class=\"eael-accordion-content clearfix\" data-tab=\"3\" aria-labelledby=\"van-e-garancia\"><p>A be\u00e9p\u00edtett \u00faj alkatr\u00e9szekre term\u00e9szetesen \u00e9rv\u00e9nyes a jogszab\u00e1lyi garancia el\u0151\u00edr\u00e1s.<\/p><\/div>\n\t\t\t\t\t<\/div><div class=\"eael-accordion-list\">\n\t\t\t\t\t<div id=\"csak-hznl-van-szerviz\" class=\"elementor-tab-title eael-accordion-header\" tabindex=\"0\" data-tab=\"4\" aria-controls=\"elementor-tab-content-1674\"><span class=\"eael-advanced-accordion-icon-closed\"><i aria-hidden=\"true\" class=\"fa-accordion-icon fas fa-plus\"><\/i><\/span><span class=\"eael-advanced-accordion-icon-opened\"><i aria-hidden=\"true\" class=\"fa-accordion-icon fas fa-minus\"><\/i><\/span><span class=\"eael-accordion-tab-title\">Csak h\u00e1zn\u00e1l van szerviz?<\/span><i aria-hidden=\"true\" class=\"fa-toggle fas fa-angle-right\"><\/i><\/div><div id=\"elementor-tab-content-1674\" class=\"eael-accordion-content clearfix\" data-tab=\"4\" aria-labelledby=\"csak-hznl-van-szerviz\"><p>Term\u00e9szetesen nem, ha arra van ig\u00e9ny, akkor vagy a tulajdonos vagy \u00e9n elhozom a g\u00e9pet \u00e9s megjav\u00edtva ker\u00fcl vissza.<\/p><\/div>\n\t\t\t\t\t<\/div><div class=\"eael-accordion-list\">\n\t\t\t\t\t<div id=\"hol-rhet-el-a-szolgltats\" class=\"elementor-tab-title eael-accordion-header\" tabindex=\"0\" data-tab=\"5\" aria-controls=\"elementor-tab-content-1675\"><span class=\"eael-advanced-accordion-icon-closed\"><i aria-hidden=\"true\" class=\"fa-accordion-icon fas fa-plus\"><\/i><\/span><span class=\"eael-advanced-accordion-icon-opened\"><i aria-hidden=\"true\" class=\"fa-accordion-icon fas fa-minus\"><\/i><\/span><span class=\"eael-accordion-tab-title\">Hol \u00e9rhet\u0151 el a szolg\u00e1ltat\u00e1s?<\/span><i aria-hidden=\"true\" class=\"fa-toggle fas fa-angle-right\"><\/i><\/div><div id=\"elementor-tab-content-1675\" class=\"eael-accordion-content clearfix\" data-tab=\"5\" aria-labelledby=\"hol-rhet-el-a-szolgltats\"><p><span class=\"d2edcug0 hpfvmrgz qv66sw1b c1et5uql lr9zc1uh a8c37x1j keod5gw0 nxhoafnm aigsh9s9 d3f4x2em fe6kdd0r mau55g9w c8b282yb iv3no6db jq4qci2q a3bd9o3v b1v8xokw oo9gr5id hzawbc8m\"><span class=\"d2edcug0 hpfvmrgz qv66sw1b c1et5uql lr9zc1uh jq4qci2q a3bd9o3v b1v8xokw oo9gr5id hzawbc8m\">Csepel Ady Endre \u00fati lak\u00f3telep, Gubacsi lak\u00f3telep, Mediterr\u00e1n Lak\u00f3park, Helsinki \u00fati lak\u00f3telep \u00e9s ezek racion\u00e1lis t\u00e1vols\u00e1gon bel\u00fcli k\u00f6rzete.<\/span><\/span><\/p><\/div>\n\t\t\t\t\t<\/div><div class=\"eael-accordion-list\">\n\t\t\t\t\t<div id=\"csak-cgeknek-elrhet-vagy-magnszemlyeknek-is\" class=\"elementor-tab-title eael-accordion-header\" tabindex=\"0\" data-tab=\"6\" aria-controls=\"elementor-tab-content-1676\"><span class=\"eael-advanced-accordion-icon-closed\"><i aria-hidden=\"true\" class=\"fa-accordion-icon fas fa-plus\"><\/i><\/span><span class=\"eael-advanced-accordion-icon-opened\"><i aria-hidden=\"true\" class=\"fa-accordion-icon fas fa-minus\"><\/i><\/span><span class=\"eael-accordion-tab-title\">Csak c\u00e9geknek el\u00e9rhet\u0151 vagy mag\u00e1nszem\u00e9lyeknek is?<\/span><i aria-hidden=\"true\" class=\"fa-toggle fas fa-angle-right\"><\/i><\/div><div id=\"elementor-tab-content-1676\" class=\"eael-accordion-content clearfix\" data-tab=\"6\" aria-labelledby=\"csak-cgeknek-elrhet-vagy-magnszemlyeknek-is\"><p>Mind mag\u00e1nszem\u00e9lyeknek, mind c\u00e9geknek el\u00e9rhet\u0151 a szolg\u00e1ltat\u00e1s. C\u00e9ges eset\u00e9n lehet\u0151s\u00e9g van \u00e1lland\u00f3 szerz\u0151d\u00e9s k\u00f6t\u00e9s\u00e9re is.<\/p><\/div>\n\t\t\t\t\t<\/div><\/div>\t\t\t\t<\/div>\n\t\t\t\t<\/div>\n\t\t\t\t\t<\/div>\n\t\t<\/div>\n\t\t\t\t\t<\/div>\n\t\t<\/section>\n\t\t\t\t<section class=\"elementor-section elementor-top-section elementor-element elementor-element-597fc84b elementor-section-boxed elementor-section-height-default elementor-section-height-default\" data-id=\"597fc84b\" data-element_type=\"section\" data-e-type=\"section\">\n\t\t\t\t\t\t<div class=\"elementor-container elementor-column-gap-extended\">\n\t\t\t\t\t<div class=\"elementor-column elementor-col-50 elementor-top-column elementor-element elementor-element-3134638e\" data-id=\"3134638e\" data-element_type=\"column\" data-e-type=\"column\">\n\t\t\t<div class=\"elementor-widget-wrap elementor-element-populated\">\n\t\t\t\t\t\t<div class=\"elementor-element elementor-element-4c9fc9eb elementor-widget elementor-widget-text-editor\" data-id=\"4c9fc9eb\" data-element_type=\"widget\" data-e-type=\"widget\" data-widget_type=\"text-editor.default\">\n\t\t\t\t<div class=\"elementor-widget-container\">\n\t\t\t\t\t\t\t\t\t<h3 style=\"text-align: center;\"><strong>HostDog Pawer Solutions<\/strong><\/h3><h3 style=\"text-align: center;\">M\u00e9ry J\u00e1nos<\/h3><h5 style=\"text-align: center;\"><span style=\"color: #000000;\"><a style=\"color: #000000;\" href=\"mailto:mjk@hostdog.hu\">mjk@hostdog.hu<\/a><\/span><br \/><a href=\"tel:+36 20 354 7433\"><span style=\"color: #000000;\">+36 20 <\/span><span class=\"d2edcug0 hpfvmrgz qv66sw1b c1et5uql lr9zc1uh a8c37x1j keod5gw0 nxhoafnm aigsh9s9 d3f4x2em fe6kdd0r mau55g9w c8b282yb iv3no6db jq4qci2q a3bd9o3v b1v8xokw oo9gr5id hzawbc8m\" dir=\"auto\"><span class=\"d2edcug0 hpfvmrgz qv66sw1b c1et5uql lr9zc1uh jq4qci2q a3bd9o3v b1v8xokw oo9gr5id\"><span style=\"color: #000000;\">354 7433<\/span><\/span><\/span><\/a><\/h5>\t\t\t\t\t\t\t\t<\/div>\n\t\t\t\t<\/div>\n\t\t\t\t\t<\/div>\n\t\t<\/div>\n\t\t\t\t<div class=\"elementor-column elementor-col-50 elementor-top-column elementor-element elementor-element-616f023e\" data-id=\"616f023e\" data-element_type=\"column\" data-e-type=\"column\">\n\t\t\t<div class=\"elementor-widget-wrap elementor-element-populated\">\n\t\t\t\t\t\t\t<\/div>\n\t\t<\/div>\n\t\t\t\t\t<\/div>\n\t\t<\/section>\n\t\t\t\t<\/div>\n\t\t","protected":false},"excerpt":{"rendered":"<p>H\u00e1zhozj\u00e1r\u00f3 Laptop, PC, sz\u00e1m\u00edt\u00f3g\u00e9p szerviz Csepel Ady Endre \u00fati lak\u00f3telep, Gubacsi lak\u00f3telep, Mediterr\u00e1n Lak\u00f3park, Helsinki \u00fati lak\u00f3telep Kedves \u00c9rdekl\u0151d\u0151! M\u00e9ry J\u00e1nos vagyok, 25 \u00e9ves informatikai tapasztalattal v\u00e1llalom mag\u00e1nszem\u00e9lyeknek \u00e9s c\u00e9geknek egyar\u00e1nt PC -k, sz\u00e1m\u00edt\u00f3g\u00e9pek, laptopok, nyomtat\u00f3k, helyi h\u00e1l\u00f3zatok, be\u00e1ll\u00edt\u00e1s\u00e1t, jav\u00edt\u00e1s\u00e1t, karbantart\u00e1s\u00e1t, fel\u00fcgyelet\u00e9t. Szoftver telep\u00edt\u00e9s, \u00fajratelep\u00edt\u00e9s, v\u00edrusirt\u00e1s, sz\u00e1m\u00edt\u00f3g\u00e9p b\u0151v\u00edt\u00e9s, \u00faj g\u00e9p \u00f6ssze\u00e1ll\u00edt\u00e1sa, biztons\u00e1gi ment\u00e9s, g\u00e9p takar\u00edt\u00e1s &#8230; <a title=\"Hostdog Szerviz Szolg\u00e1ltat\u00e1s\" class=\"read-more\" href=\"https:\/\/www.hostdog.hu\/indexphp\/szerviz\/\" aria-label=\"More on Hostdog Szerviz Szolg\u00e1ltat\u00e1s\">Read more<\/a><\/p>\n","protected":false},"author":1,"featured_media":0,"parent":0,"menu_order":0,"comment_status":"closed","ping_status":"closed","template":"elementor_canvas","meta":{"footnotes":""},"class_list":["post-828","page","type-page","status-publish"],"_links":{"self":[{"href":"https:\/\/www.hostdog.hu\/index.php\/wp-json\/wp\/v2\/pages\/828","targetHints":{"allow":["GET"]}}],"collection":[{"href":"https:\/\/www.hostdog.hu\/index.php\/wp-json\/wp\/v2\/pages"}],"about":[{"href":"https:\/\/www.hostdog.hu\/index.php\/wp-json\/wp\/v2\/types\/page"}],"author":[{"embeddable":true,"href":"https:\/\/www.hostdog.hu\/index.php\/wp-json\/wp\/v2\/users\/1"}],"replies":[{"embeddable":true,"href":"https:\/\/www.hostdog.hu\/index.php\/wp-json\/wp\/v2\/comments?post=828"}],"version-history":[{"count":69,"href":"https:\/\/www.hostdog.hu\/index.php\/wp-json\/wp\/v2\/pages\/828\/revisions"}],"predecessor-version":[{"id":918,"href":"https:\/\/www.hostdog.hu\/index.php\/wp-json\/wp\/v2\/pages\/828\/revisions\/918"}],"wp:attachment":[{"href":"https:\/\/www.hostdog.hu\/index.php\/wp-json\/wp\/v2\/media?parent=828"}],"curies":[{"name":"wp","href":"https:\/\/api.w.org\/{rel}","templated":true}]}}